{"id":151,"date":"2022-09-21T14:26:22","date_gmt":"2022-09-21T12:26:22","guid":{"rendered":"https:\/\/www.agnescole.no\/?page_id=151"},"modified":"2026-01-21T10:55:03","modified_gmt":"2026-01-21T09:55:03","slug":"agnes-cole-as-regnskap-tomter-indre-ostfold","status":"publish","type":"page","link":"https:\/\/www.agnescole.no\/","title":{"rendered":"Agnes Cole AS, regnskap &#8211; Tomter, Indre \u00d8stfold"},"content":{"rendered":"\n\n\t<p>Vi er sentralt beliggende i Tomter i Indre \u00d8stfold kommune. Ta kontakt for en uformell og hyggelig prat om dine behov s\u00e5 kanskje vi kan hjelpe deg?<\/p>\n<h2>\n\t\t\tAgnes Cole AS\t<\/h2>\n\t<p>Agnes Cole AS er et konsulentselskap som bist\u00e5r kunder med alle tjenester og behov innen regnskap, r\u00e5dgivning, \u00e5rsoppgj\u00f8r og l\u00f8nn. Vi tilbyr disse tjenestene i samarbeid med Sparebank 1 Sr-Bank-Forretningspartner AS.<\/p>\n<figure itemscope itemtype=\"https:\/\/schema.org\/ImageObject\">\n\t\t\t\t<a href=\"https:\/\/www.sparebank1.no\/nb\/sr-bank\/bedrift\/regnskap-og-radgivning\/om-forretningspartner.html\"  target=\"_blank\" rel=\"noopener\"  itemprop=\"url\">\n\t\t\t\t<img decoding=\"async\" src=\"https:\/\/www.agnescole.no\/wp-content\/uploads\/2026\/01\/683f2a8906652e97bdd0c06f_Untitled-5-scaled.png\" alt=\"683f2a8906652e97bdd0c06f_Untitled (5)\" height=\"691\" width=\"2560\" title=\"683f2a8906652e97bdd0c06f_Untitled (5)\" onerror=\"this.style.display='none'\" loading=\"lazy\" \/>\n\t\t\t\t<\/a>\n\t<\/figure>\n<h2>\n\t\t\tOm oss\t<\/h2>\n<h3>\n\t\t\tAgnes Cole\t<\/h3>\n\t<p>Statsautorisert revisor og autorisert regnskapsf\u00f8rer. Har jobbet eksternt i bedrift som revisor og regnskapsf\u00f8rer.<\/p>\n<p>I eget regnskaps selskap fra 1996 til 2015.<\/p>\n<p>Bist\u00e5r kunder med alle behov innen regnskap og \u00f8konomi.\u00a0V\u00e5r lange og brede erfaring b\u00e5de i byr\u00e5 og i bedrift b\u00f8r v\u00e6re en verdifull ressurs for deg?<\/p>\n\t\t\t<a href=\"tel:90599884\"  target=\"_self\">\n\t\t\t\t\t\t905 99 884\n\t\t\t\t\t<\/a>\n\t\t\t<a href=\"mailto:agnes@agnescole.no\"  target=\"_self\">\n\t\t\t\t\t\tagnes@agnescole.no\n\t\t\t\t\t<\/a>\n<h3>\n\t\t\tRobert Martinsen\t<\/h3>\n\t<p>Bedrifts\u00f8konom som jobber som konsulent for Sparebank 1 SR-Bank Forretningspartner AS.<\/p>\n<p>Har jobbet med regnskap og \u00f8konomi som regnskap\/\u00f8konomisjef i bedrifter og som regnskapsf\u00f8rer siden 1990.<\/p>\n<p>Har lang og bred erfaring i alle \u00f8konomi\/regnskapstjenester.\u00a0Trives med en uformell tone og vektlegger god kommunikasjon med kundene.\u00a0<\/p>\n\t\t\t<a href=\"tel:93036507\"  target=\"_self\">\n\t\t\t\t\t\t930 36 507\n\t\t\t\t\t<\/a>\n\t\t\t<a href=\"mailto:robert@agnescole.no\"  target=\"_self\">\n\t\t\t\t\t\trobert@agnescole.no\n\t\t\t\t\t<\/a>\n\t<iframe src=\"https:\/\/www.google.com\/maps\/embed\/v1\/place?q=Agnes+Cole+As%2C+Tomter&#038;key=AIzaSyD09zQ9PNDNNy9TadMuzRV_UsPUoWKntt8\" aria-hidden=\"true\"><\/iframe>\n\n","protected":false},"excerpt":{"rendered":"<p>Vi er sentralt beliggende i Tomter i Indre \u00d8stfold kommune. Ta kontakt for en uformell og hyggelig prat om dine behov s\u00e5 kanskje vi kan hjelpe deg? Agnes Cole AS Agnes Cole AS er et konsulentselskap som bist\u00e5r kunder med alle tjenester og behov innen regnskap, r\u00e5dgivning, \u00e5rsoppgj\u00f8r og l\u00f8nn. Vi tilbyr disse tjenestene i&hellip;<\/p>\n","protected":false},"author":2,"featured_media":0,"parent":0,"menu_order":0,"comment_status":"closed","ping_status":"closed","template":"","meta":{"footnotes":""},"class_list":["post-151","page","type-page","status-publish","hentry"],"yoast_head":"<!-- This site is optimized with the Yoast SEO plugin v27.5 - https:\/\/yoast.com\/product\/yoast-seo-wordpress\/ -->\n<title>Regnskap, Tomter, Indre \u00d8stfold - Agnes Cole AS<\/title>\n<meta name=\"description\" content=\"Agnes Cole AS - Din p\u00e5litelige partner for regnskap og \u00f8konomi. Ta kontakt for en hyggelig prat om dine behov i Tomter, Indre \u00d8stfold.\" \/>\n<meta name=\"robots\" content=\"index, follow, max-snippet:-1, max-image-preview:large, max-video-preview:-1\" \/>\n<link rel=\"canonical\" href=\"https:\/\/www.agnescole.no\/\" \/>\n<meta property=\"og:locale\" content=\"nb_NO\" \/>\n<meta property=\"og:type\" content=\"article\" \/>\n<meta property=\"og:title\" content=\"Regnskap, Tomter, Indre \u00d8stfold - Agnes Cole AS\" \/>\n<meta property=\"og:description\" content=\"Agnes Cole AS - Din p\u00e5litelige partner for regnskap og \u00f8konomi. Ta kontakt for en hyggelig prat om dine behov i Tomter, Indre \u00d8stfold.\" \/>\n<meta property=\"og:url\" content=\"https:\/\/www.agnescole.no\/\" \/>\n<meta property=\"og:site_name\" content=\"Agnes Cole AS\" \/>\n<meta property=\"article:modified_time\" content=\"2026-01-21T09:55:03+00:00\" \/>\n<meta property=\"og:image\" content=\"https:\/\/www.agnescole.no\/wp-content\/uploads\/2026\/01\/683f2a8906652e97bdd0c06f_Untitled-5-scaled.png\" \/>\n<meta name=\"twitter:card\" content=\"summary_large_image\" \/>\n<meta name=\"twitter:label1\" content=\"Ansl. lesetid\" \/>\n\t<meta name=\"twitter:data1\" content=\"2 minutter\" \/>\n<script type=\"application\/ld+json\" class=\"yoast-schema-graph\">{\"@context\":\"https:\\\/\\\/schema.org\",\"@graph\":[{\"@type\":\"WebPage\",\"@id\":\"https:\\\/\\\/www.agnescole.no\\\/\",\"url\":\"https:\\\/\\\/www.agnescole.no\\\/\",\"name\":\"Regnskap, Tomter, Indre \u00d8stfold - Agnes Cole AS\",\"isPartOf\":{\"@id\":\"https:\\\/\\\/www.agnescole.no\\\/#website\"},\"primaryImageOfPage\":{\"@id\":\"https:\\\/\\\/www.agnescole.no\\\/#primaryimage\"},\"image\":{\"@id\":\"https:\\\/\\\/www.agnescole.no\\\/#primaryimage\"},\"thumbnailUrl\":\"https:\\\/\\\/www.agnescole.no\\\/wp-content\\\/uploads\\\/2026\\\/01\\\/683f2a8906652e97bdd0c06f_Untitled-5-scaled.png\",\"datePublished\":\"2022-09-21T12:26:22+00:00\",\"dateModified\":\"2026-01-21T09:55:03+00:00\",\"description\":\"Agnes Cole AS - Din p\u00e5litelige partner for regnskap og \u00f8konomi. Ta kontakt for en hyggelig prat om dine behov i Tomter, Indre \u00d8stfold.\",\"breadcrumb\":{\"@id\":\"https:\\\/\\\/www.agnescole.no\\\/#breadcrumb\"},\"inLanguage\":\"nb-NO\",\"potentialAction\":[{\"@type\":\"ReadAction\",\"target\":[\"https:\\\/\\\/www.agnescole.no\\\/\"]}]},{\"@type\":\"ImageObject\",\"inLanguage\":\"nb-NO\",\"@id\":\"https:\\\/\\\/www.agnescole.no\\\/#primaryimage\",\"url\":\"https:\\\/\\\/www.agnescole.no\\\/wp-content\\\/uploads\\\/2026\\\/01\\\/683f2a8906652e97bdd0c06f_Untitled-5-scaled.png\",\"contentUrl\":\"https:\\\/\\\/www.agnescole.no\\\/wp-content\\\/uploads\\\/2026\\\/01\\\/683f2a8906652e97bdd0c06f_Untitled-5-scaled.png\",\"width\":2560,\"height\":691},{\"@type\":\"BreadcrumbList\",\"@id\":\"https:\\\/\\\/www.agnescole.no\\\/#breadcrumb\",\"itemListElement\":[{\"@type\":\"ListItem\",\"position\":1,\"name\":\"Hjem\",\"item\":\"https:\\\/\\\/www.agnescole.no\\\/\"},{\"@type\":\"ListItem\",\"position\":2,\"name\":\"Agnes Cole AS, regnskap &#8211; Tomter, Indre \u00d8stfold\"}]},{\"@type\":\"WebSite\",\"@id\":\"https:\\\/\\\/www.agnescole.no\\\/#website\",\"url\":\"https:\\\/\\\/www.agnescole.no\\\/\",\"name\":\"Agnes Cole AS\",\"description\":\"Gj\u00f8r det du er best p\u00e5. Vi tar regnskapet.\",\"potentialAction\":[{\"@type\":\"SearchAction\",\"target\":{\"@type\":\"EntryPoint\",\"urlTemplate\":\"https:\\\/\\\/www.agnescole.no\\\/?s={search_term_string}\"},\"query-input\":{\"@type\":\"PropertyValueSpecification\",\"valueRequired\":true,\"valueName\":\"search_term_string\"}}],\"inLanguage\":\"nb-NO\"}]}<\/script>\n<!-- \/ Yoast SEO plugin. -->","yoast_head_json":{"title":"Regnskap, Tomter, Indre \u00d8stfold - Agnes Cole AS","description":"Agnes Cole AS - Din p\u00e5litelige partner for regnskap og \u00f8konomi. Ta kontakt for en hyggelig prat om dine behov i Tomter, Indre \u00d8stfold.","robots":{"index":"index","follow":"follow","max-snippet":"max-snippet:-1","max-image-preview":"max-image-preview:large","max-video-preview":"max-video-preview:-1"},"canonical":"https:\/\/www.agnescole.no\/","og_locale":"nb_NO","og_type":"article","og_title":"Regnskap, Tomter, Indre \u00d8stfold - Agnes Cole AS","og_description":"Agnes Cole AS - Din p\u00e5litelige partner for regnskap og \u00f8konomi. Ta kontakt for en hyggelig prat om dine behov i Tomter, Indre \u00d8stfold.","og_url":"https:\/\/www.agnescole.no\/","og_site_name":"Agnes Cole AS","article_modified_time":"2026-01-21T09:55:03+00:00","og_image":[{"url":"https:\/\/www.agnescole.no\/wp-content\/uploads\/2026\/01\/683f2a8906652e97bdd0c06f_Untitled-5-scaled.png","type":"","width":"","height":""}],"twitter_card":"summary_large_image","twitter_misc":{"Ansl. lesetid":"2 minutter"},"schema":{"@context":"https:\/\/schema.org","@graph":[{"@type":"WebPage","@id":"https:\/\/www.agnescole.no\/","url":"https:\/\/www.agnescole.no\/","name":"Regnskap, Tomter, Indre \u00d8stfold - Agnes Cole AS","isPartOf":{"@id":"https:\/\/www.agnescole.no\/#website"},"primaryImageOfPage":{"@id":"https:\/\/www.agnescole.no\/#primaryimage"},"image":{"@id":"https:\/\/www.agnescole.no\/#primaryimage"},"thumbnailUrl":"https:\/\/www.agnescole.no\/wp-content\/uploads\/2026\/01\/683f2a8906652e97bdd0c06f_Untitled-5-scaled.png","datePublished":"2022-09-21T12:26:22+00:00","dateModified":"2026-01-21T09:55:03+00:00","description":"Agnes Cole AS - Din p\u00e5litelige partner for regnskap og \u00f8konomi. Ta kontakt for en hyggelig prat om dine behov i Tomter, Indre \u00d8stfold.","breadcrumb":{"@id":"https:\/\/www.agnescole.no\/#breadcrumb"},"inLanguage":"nb-NO","potentialAction":[{"@type":"ReadAction","target":["https:\/\/www.agnescole.no\/"]}]},{"@type":"ImageObject","inLanguage":"nb-NO","@id":"https:\/\/www.agnescole.no\/#primaryimage","url":"https:\/\/www.agnescole.no\/wp-content\/uploads\/2026\/01\/683f2a8906652e97bdd0c06f_Untitled-5-scaled.png","contentUrl":"https:\/\/www.agnescole.no\/wp-content\/uploads\/2026\/01\/683f2a8906652e97bdd0c06f_Untitled-5-scaled.png","width":2560,"height":691},{"@type":"BreadcrumbList","@id":"https:\/\/www.agnescole.no\/#breadcrumb","itemListElement":[{"@type":"ListItem","position":1,"name":"Hjem","item":"https:\/\/www.agnescole.no\/"},{"@type":"ListItem","position":2,"name":"Agnes Cole AS, regnskap &#8211; Tomter, Indre \u00d8stfold"}]},{"@type":"WebSite","@id":"https:\/\/www.agnescole.no\/#website","url":"https:\/\/www.agnescole.no\/","name":"Agnes Cole AS","description":"Gj\u00f8r det du er best p\u00e5. Vi tar regnskapet.","potentialAction":[{"@type":"SearchAction","target":{"@type":"EntryPoint","urlTemplate":"https:\/\/www.agnescole.no\/?s={search_term_string}"},"query-input":{"@type":"PropertyValueSpecification","valueRequired":true,"valueName":"search_term_string"}}],"inLanguage":"nb-NO"}]}},"_links":{"self":[{"href":"https:\/\/www.agnescole.no\/index.php\/wp-json\/wp\/v2\/pages\/151","targetHints":{"allow":["GET"]}}],"collection":[{"href":"https:\/\/www.agnescole.no\/index.php\/wp-json\/wp\/v2\/pages"}],"about":[{"href":"https:\/\/www.agnescole.no\/index.php\/wp-json\/wp\/v2\/types\/page"}],"author":[{"embeddable":true,"href":"https:\/\/www.agnescole.no\/index.php\/wp-json\/wp\/v2\/users\/2"}],"replies":[{"embeddable":true,"href":"https:\/\/www.agnescole.no\/index.php\/wp-json\/wp\/v2\/comments?post=151"}],"version-history":[{"count":5,"href":"https:\/\/www.agnescole.no\/index.php\/wp-json\/wp\/v2\/pages\/151\/revisions"}],"predecessor-version":[{"id":346,"href":"https:\/\/www.agnescole.no\/index.php\/wp-json\/wp\/v2\/pages\/151\/revisions\/346"}],"wp:attachment":[{"href":"https:\/\/www.agnescole.no\/index.php\/wp-json\/wp\/v2\/media?parent=151"}],"curies":[{"name":"wp","href":"https:\/\/api.w.org\/{rel}","templated":true}]}}